{"id":1325,"date":"2023-05-03T13:42:20","date_gmt":"2023-05-03T11:42:20","guid":{"rendered":"https:\/\/campinglolivier.com\/contact-access\/"},"modified":"2023-06-05T13:39:24","modified_gmt":"2023-06-05T11:39:24","slug":"contact-access","status":"publish","type":"page","link":"https:\/\/campinglolivier.com\/en\/contact-access\/","title":{"rendered":"Info &amp; Contact"},"content":{"rendered":"<section id=\"ls-section-block_d9b7af0fc105d80d25ec257c010df126\" class=\"ls-section  page-chapeau\" >\r\n        <div class=\"container \">\r\n        \n\n<h1 class=\"ls__heading wp-block-heading has-text-align-center olivier\">Contact and access<\/h1>\n\n\r\n    <\/div>\r\n<\/section><section id=\"ls-section-block_822f99aaf5e28d260d246c03fe5048d5\" class=\"ls-section \" >\r\n        <div class=\"container container--wide\">\r\n        \n\n<div class=\"wp-block-columns is-layout-flex wp-container-core-columns-is-layout-9d6595d7 wp-block-columns-is-layout-flex\">\n<div class=\"wp-block-column is-vertically-aligned-top is-layout-flow wp-block-column-is-layout-flow\">\n<h2 class=\"ls__heading wp-block-heading has-text-align-center deco\">Contact us<\/h2>\n\n\n\n<p class=\"ls-paragraph\">The <a href=\"https:\/\/campinglolivier.com\/en\/\">Camping L&#8217;Olivier<\/a> team is at your disposal for any questions or further information.  <\/p>\n\n\n\n<p class=\"ls-paragraph\">You can contact us by phone or using the form opposite.<\/p>\n\n\n\n<p class=\"ls-paragraph\">In any case, we assure you a quick response.<\/p>\n\n\n\n<p class=\"ls-paragraph\">Phone : <strong>+334 66 61 84 80<\/strong> \/ <strong>+337 61 09 90 16 <\/strong> <\/p>\n<\/div>\n\n\n\n<div class=\"wp-block-column is-vertically-aligned-center is-layout-flow wp-block-column-is-layout-flow\">\n<div class=\"wp-block-contact-form-7-contact-form-selector\">\n<div class=\"wpcf7 no-js\" id=\"wpcf7-f1287-o1\" lang=\"en-US\" dir=\"ltr\">\n<div class=\"screen-reader-response\"><p role=\"status\" aria-live=\"polite\" aria-atomic=\"true\"><\/p> <ul><\/ul><\/div>\n<form action=\"\/en\/wp-json\/wp\/v2\/pages\/1325#wpcf7-f1287-o1\" method=\"post\" class=\"wpcf7-form init\" aria-label=\"Contact form\" novalidate=\"novalidate\" data-status=\"init\">\n<div style=\"display: none;\">\n<input type=\"hidden\" name=\"_wpcf7\" value=\"1287\" \/>\n<input type=\"hidden\" name=\"_wpcf7_version\" value=\"5.9.8\" \/>\n<input type=\"hidden\" name=\"_wpcf7_locale\" value=\"en_US\" \/>\n<input type=\"hidden\" name=\"_wpcf7_unit_tag\" value=\"wpcf7-f1287-o1\" \/>\n<input type=\"hidden\" name=\"_wpcf7_container_post\" value=\"0\" \/>\n<input type=\"hidden\" name=\"_wpcf7_posted_data_hash\" value=\"\" \/>\n<input type=\"hidden\" name=\"_wpcf7_recaptcha_response\" value=\"\" \/>\n<\/div>\n<p><label> Your name<br \/>\n<span class=\"wpcf7-form-control-wrap\" data-name=\"your-name\"><input size=\"40\" maxlength=\"400\" class=\"wpcf7-form-control wpcf7-text wpcf7-validates-as-required\" autocomplete=\"name\" aria-required=\"true\" aria-invalid=\"false\" value=\"\" type=\"text\" name=\"your-name\" \/><\/span> <\/label>\n<\/p>\n<p><label> Your email<br \/>\n<span class=\"wpcf7-form-control-wrap\" data-name=\"your-email\"><input size=\"40\" maxlength=\"400\" class=\"wpcf7-form-control wpcf7-email wpcf7-validates-as-required wpcf7-text wpcf7-validates-as-email\" autocomplete=\"email\" aria-required=\"true\" aria-invalid=\"false\" value=\"\" type=\"email\" name=\"your-email\" \/><\/span> <\/label>\n<\/p>\n<p><label> Object<br \/>\n<span class=\"wpcf7-form-control-wrap\" data-name=\"your-subject\"><input size=\"40\" maxlength=\"400\" class=\"wpcf7-form-control wpcf7-text wpcf7-validates-as-required\" aria-required=\"true\" aria-invalid=\"false\" value=\"\" type=\"text\" name=\"your-subject\" \/><\/span> <\/label>\n<\/p>\n<p><label> Your message<br \/>\n<span class=\"wpcf7-form-control-wrap\" data-name=\"your-message\"><textarea cols=\"40\" rows=\"10\" maxlength=\"2000\" class=\"wpcf7-form-control wpcf7-textarea\" aria-invalid=\"false\" name=\"your-message\"><\/textarea><\/span> <\/label>\n<\/p>\n<p><span class=\"wpcf7-form-control-wrap\" data-name=\"acceptance-553\"><span class=\"wpcf7-form-control wpcf7-acceptance\"><span class=\"wpcf7-list-item\"><label><input type=\"checkbox\" name=\"acceptance-553\" value=\"1\" aria-invalid=\"false\" \/><span class=\"wpcf7-list-item-label\">By checking this box, I agree to the <a href=\"\/en\/privacy-policy\/\" rel=\"nofollow\" target=\"_blank\">Privacy Policy<\/a> of this site.<\/span><\/label><\/span><\/span><\/span><input class=\"wpcf7-form-control wpcf7-submit has-spinner\" type=\"submit\" value=\"Send\" \/>\n<\/p><div class=\"wpcf7-response-output\" aria-hidden=\"true\"><\/div>\n<\/form>\n<\/div>\n<\/div>\n<\/div>\n<\/div>\n\n\r\n    <\/div>\r\n<\/section><section id=\"ls-section-block_8ab723923fffdccecdd30298f0c368b0\" class=\"ls-section  has-p-b p-b-25\" >\r\n        <div class=\"container container--wide\">\r\n        \n\n<div class=\"wp-block-columns is-layout-flex wp-container-core-columns-is-layout-9d6595d7 wp-block-columns-is-layout-flex\">\n<div class=\"wp-block-column is-vertically-aligned-center is-layout-flow wp-block-column-is-layout-flow\">\n<iframe src=\"https:\/\/www.google.com\/maps\/embed?pb=!1m18!1m12!1m3!1d652868.1607702118!2d3.426968547019788!3d43.96378718552127!2m3!1f0!2f0!3f0!3m2!1i1024!2i768!4f13.1!3m3!1m2!1s0x12b414d4627dbfb3%3A0x3fa28d23234ab8bb!2sCamping%20l'Olivier!5e0!3m2!1sfr!2sfr!4v1685517462815!5m2!1sfr!2sfr\" width=\"100%\" height=\"700\" style=\"border:0;\" allowfullscreen=\"\" loading=\"lazy\" referrerpolicy=\"no-referrer-when-downgrade\"><\/iframe>\n<\/div>\n\n\n\n<div class=\"wp-block-column is-vertically-aligned-center is-layout-flow wp-block-column-is-layout-flow\">\n<h2 class=\"ls__heading wp-block-heading has-text-align-center deco\">Access the campsite<\/h2>\n\n\n\n<p class=\"ls-paragraph\"><strong>GPS coordinates<\/strong> : 44.023237,4.024517<\/p>\n\n\n\n<p class=\"ls-paragraph\">If you want to go to Camping L&#8217;Olivier for a good holiday, several solutions are available to you:  <\/p>\n\n\n\n<p class=\"ls-paragraph\">By car: <strong>From Lyon<\/strong> coming from the A7 take exit 19 Boll\u00e8ne, then follow Pont-St-Esprit, Bagnols-Sur-C\u00e8ze, Al\u00e8s and you will arrive at the campsite in Massillargues Attuech.<\/p>\n\n\n\n<p class=\"ls-paragraph\">By car: <strong>From Montpellier<\/strong> coming from the A9 take exit 27 Lunel, then follow Boisseron, Quissac and you will arrive at the campsite in Massillargues Attuech.<\/p>\n\n\n\n<p class=\"ls-paragraph\">By car: From N\u00eemes coming from the A9 or A54, take exit 25 <strong>N\u00eemes<\/strong> Ouest, then follow the N106 towards Al\u00e8s, take exit N\u00b05 Anduze and you will arrive at the campsite in Massillargues Attuech.<\/p>\n\n\n\n<p class=\"ls-paragraph\">By car: <strong>From Clermont-Ferrand<\/strong> coming from the A75 take exit 39.1 towards Mende then follow the N106 to Florac and then follow St-Jean-du-Gard, Anduze and you will arrive at the campsite in Massillargues Attuech.<\/p>\n\n\n\n<p class=\"ls-paragraph\">By plane: If you want to arrive by air, we advise you to land at <strong>Montpellier M\u00e9diterran\u00e9e airport<\/strong> and then take the bus or train to Al\u00e8s. If you arrive at 2, let us know in advance and we offer to pick you up at Al\u00e8s station if you wish.<\/p>\n\n\n\n<p class=\"ls-paragraph\"><strong>By train<\/strong> : If you want to arrive by rail, take the direction of Al\u00e8s as your destination. If you arrive at 2, let us know in advance and we offer to pick you up at Al\u00e8s station if you wish.<\/p>\n<\/div>\n<\/div>\n\n\r\n    <\/div>\r\n<\/section>","protected":false},"excerpt":{"rendered":"","protected":false},"author":1,"featured_media":1098,"parent":0,"menu_order":0,"comment_status":"closed","ping_status":"closed","template":"","meta":{"_acf_changed":false,"inline_featured_image":false,"footnotes":""},"sujet":[],"class_list":["post-1325","page","type-page","status-publish","has-post-thumbnail","hentry"],"acf":[],"yoast_head":"<!-- This site is optimized with the Yoast SEO plugin v25.3 - https:\/\/yoast.com\/wordpress\/plugins\/seo\/ -->\n<title>Contact camping l&#039;Olivier | Coming to the campsite in Anduze Gard<\/title>\n<meta name=\"description\" content=\"Camping *** l&#039;Olivier near Anduze in the Gard, family campsite in Massillargues-Attuech, contact us for your holidays in the Gard.\" \/>\n<meta name=\"robots\" content=\"index, follow, max-snippet:-1, max-image-preview:large, max-video-preview:-1\" \/>\n<link rel=\"canonical\" href=\"https:\/\/campinglolivier.com\/en\/contact-access\/\" \/>\n<meta property=\"og:locale\" content=\"en_US\" \/>\n<meta property=\"og:type\" content=\"article\" \/>\n<meta property=\"og:title\" content=\"Contact camping l&#039;Olivier | Coming to the campsite in Anduze Gard\" \/>\n<meta property=\"og:description\" content=\"Camping *** l&#039;Olivier near Anduze in the Gard, family campsite in Massillargues-Attuech, contact us for your holidays in the Gard.\" \/>\n<meta property=\"og:url\" content=\"https:\/\/campinglolivier.com\/en\/contact-access\/\" \/>\n<meta property=\"og:site_name\" content=\"Camping l&#039;Olivier\" \/>\n<meta property=\"article:modified_time\" content=\"2023-06-05T11:39:24+00:00\" \/>\n<meta property=\"og:image\" content=\"https:\/\/campinglolivier.com\/wp-content\/uploads\/2023\/05\/camping-lolivier-anduze-gard.jpg\" \/>\n\t<meta property=\"og:image:width\" content=\"1920\" \/>\n\t<meta property=\"og:image:height\" content=\"674\" \/>\n\t<meta property=\"og:image:type\" content=\"image\/jpeg\" \/>\n<meta name=\"twitter:card\" content=\"summary_large_image\" \/>\n<meta name=\"twitter:label1\" content=\"Est. reading time\" \/>\n\t<meta name=\"twitter:data1\" content=\"1 minute\" \/>\n<script type=\"application\/ld+json\" class=\"yoast-schema-graph\">{\"@context\":\"https:\/\/schema.org\",\"@graph\":[{\"@type\":\"WebPage\",\"@id\":\"https:\/\/campinglolivier.com\/en\/contact-access\/\",\"url\":\"https:\/\/campinglolivier.com\/en\/contact-access\/\",\"name\":\"Contact camping l'Olivier | Coming to the campsite in Anduze Gard\",\"isPartOf\":{\"@id\":\"https:\/\/campinglolivier.com\/#website\"},\"primaryImageOfPage\":{\"@id\":\"https:\/\/campinglolivier.com\/en\/contact-access\/#primaryimage\"},\"image\":{\"@id\":\"https:\/\/campinglolivier.com\/en\/contact-access\/#primaryimage\"},\"thumbnailUrl\":\"https:\/\/campinglolivier.com\/wp-content\/uploads\/2023\/05\/camping-lolivier-anduze-gard.jpg\",\"datePublished\":\"2023-05-03T11:42:20+00:00\",\"dateModified\":\"2023-06-05T11:39:24+00:00\",\"description\":\"Camping *** l'Olivier near Anduze in the Gard, family campsite in Massillargues-Attuech, contact us for your holidays in the Gard.\",\"breadcrumb\":{\"@id\":\"https:\/\/campinglolivier.com\/en\/contact-access\/#breadcrumb\"},\"inLanguage\":\"en-US\",\"potentialAction\":[{\"@type\":\"ReadAction\",\"target\":[\"https:\/\/campinglolivier.com\/en\/contact-access\/\"]}]},{\"@type\":\"ImageObject\",\"inLanguage\":\"en-US\",\"@id\":\"https:\/\/campinglolivier.com\/en\/contact-access\/#primaryimage\",\"url\":\"https:\/\/campinglolivier.com\/wp-content\/uploads\/2023\/05\/camping-lolivier-anduze-gard.jpg\",\"contentUrl\":\"https:\/\/campinglolivier.com\/wp-content\/uploads\/2023\/05\/camping-lolivier-anduze-gard.jpg\",\"width\":1920,\"height\":674,\"caption\":\"Campsite L'Olivier Anduze Gard\"},{\"@type\":\"BreadcrumbList\",\"@id\":\"https:\/\/campinglolivier.com\/en\/contact-access\/#breadcrumb\",\"itemListElement\":[{\"@type\":\"ListItem\",\"position\":1,\"name\":\"Camping Gard\",\"item\":\"https:\/\/campinglolivier.com\/en\/\"},{\"@type\":\"ListItem\",\"position\":2,\"name\":\"Contact, access\"}]},{\"@type\":\"WebSite\",\"@id\":\"https:\/\/campinglolivier.com\/#website\",\"url\":\"https:\/\/campinglolivier.com\/\",\"name\":\"Camping l&#039;Olivier\",\"description\":\"\",\"publisher\":{\"@id\":\"https:\/\/campinglolivier.com\/#organization\"},\"potentialAction\":[{\"@type\":\"SearchAction\",\"target\":{\"@type\":\"EntryPoint\",\"urlTemplate\":\"https:\/\/campinglolivier.com\/?s={search_term_string}\"},\"query-input\":{\"@type\":\"PropertyValueSpecification\",\"valueRequired\":true,\"valueName\":\"search_term_string\"}}],\"inLanguage\":\"en-US\"},{\"@type\":\"Organization\",\"@id\":\"https:\/\/campinglolivier.com\/#organization\",\"name\":\"Camping l&#039;Olivier\",\"url\":\"https:\/\/campinglolivier.com\/\",\"logo\":{\"@type\":\"ImageObject\",\"inLanguage\":\"en-US\",\"@id\":\"https:\/\/campinglolivier.com\/#\/schema\/logo\/image\/\",\"url\":\"https:\/\/campinglolivier.com\/wp-content\/uploads\/2023\/05\/cropped-camping-lolivier-logo.webp\",\"contentUrl\":\"https:\/\/campinglolivier.com\/wp-content\/uploads\/2023\/05\/cropped-camping-lolivier-logo.webp\",\"width\":168,\"height\":168,\"caption\":\"Camping l&#039;Olivier\"},\"image\":{\"@id\":\"https:\/\/campinglolivier.com\/#\/schema\/logo\/image\/\"}}]}<\/script>\n<!-- \/ Yoast SEO plugin. -->","yoast_head_json":{"title":"Contact camping l'Olivier | Coming to the campsite in Anduze Gard","description":"Camping *** l'Olivier near Anduze in the Gard, family campsite in Massillargues-Attuech, contact us for your holidays in the Gard.","robots":{"index":"index","follow":"follow","max-snippet":"max-snippet:-1","max-image-preview":"max-image-preview:large","max-video-preview":"max-video-preview:-1"},"canonical":"https:\/\/campinglolivier.com\/en\/contact-access\/","og_locale":"en_US","og_type":"article","og_title":"Contact camping l'Olivier | Coming to the campsite in Anduze Gard","og_description":"Camping *** l'Olivier near Anduze in the Gard, family campsite in Massillargues-Attuech, contact us for your holidays in the Gard.","og_url":"https:\/\/campinglolivier.com\/en\/contact-access\/","og_site_name":"Camping l&#039;Olivier","article_modified_time":"2023-06-05T11:39:24+00:00","og_image":[{"width":1920,"height":674,"url":"https:\/\/campinglolivier.com\/wp-content\/uploads\/2023\/05\/camping-lolivier-anduze-gard.jpg","type":"image\/jpeg"}],"twitter_card":"summary_large_image","twitter_misc":{"Est. reading time":"1 minute"},"schema":{"@context":"https:\/\/schema.org","@graph":[{"@type":"WebPage","@id":"https:\/\/campinglolivier.com\/en\/contact-access\/","url":"https:\/\/campinglolivier.com\/en\/contact-access\/","name":"Contact camping l'Olivier | Coming to the campsite in Anduze Gard","isPartOf":{"@id":"https:\/\/campinglolivier.com\/#website"},"primaryImageOfPage":{"@id":"https:\/\/campinglolivier.com\/en\/contact-access\/#primaryimage"},"image":{"@id":"https:\/\/campinglolivier.com\/en\/contact-access\/#primaryimage"},"thumbnailUrl":"https:\/\/campinglolivier.com\/wp-content\/uploads\/2023\/05\/camping-lolivier-anduze-gard.jpg","datePublished":"2023-05-03T11:42:20+00:00","dateModified":"2023-06-05T11:39:24+00:00","description":"Camping *** l'Olivier near Anduze in the Gard, family campsite in Massillargues-Attuech, contact us for your holidays in the Gard.","breadcrumb":{"@id":"https:\/\/campinglolivier.com\/en\/contact-access\/#breadcrumb"},"inLanguage":"en-US","potentialAction":[{"@type":"ReadAction","target":["https:\/\/campinglolivier.com\/en\/contact-access\/"]}]},{"@type":"ImageObject","inLanguage":"en-US","@id":"https:\/\/campinglolivier.com\/en\/contact-access\/#primaryimage","url":"https:\/\/campinglolivier.com\/wp-content\/uploads\/2023\/05\/camping-lolivier-anduze-gard.jpg","contentUrl":"https:\/\/campinglolivier.com\/wp-content\/uploads\/2023\/05\/camping-lolivier-anduze-gard.jpg","width":1920,"height":674,"caption":"Campsite L'Olivier Anduze Gard"},{"@type":"BreadcrumbList","@id":"https:\/\/campinglolivier.com\/en\/contact-access\/#breadcrumb","itemListElement":[{"@type":"ListItem","position":1,"name":"Camping Gard","item":"https:\/\/campinglolivier.com\/en\/"},{"@type":"ListItem","position":2,"name":"Contact, access"}]},{"@type":"WebSite","@id":"https:\/\/campinglolivier.com\/#website","url":"https:\/\/campinglolivier.com\/","name":"Camping l&#039;Olivier","description":"","publisher":{"@id":"https:\/\/campinglolivier.com\/#organization"},"potentialAction":[{"@type":"SearchAction","target":{"@type":"EntryPoint","urlTemplate":"https:\/\/campinglolivier.com\/?s={search_term_string}"},"query-input":{"@type":"PropertyValueSpecification","valueRequired":true,"valueName":"search_term_string"}}],"inLanguage":"en-US"},{"@type":"Organization","@id":"https:\/\/campinglolivier.com\/#organization","name":"Camping l&#039;Olivier","url":"https:\/\/campinglolivier.com\/","logo":{"@type":"ImageObject","inLanguage":"en-US","@id":"https:\/\/campinglolivier.com\/#\/schema\/logo\/image\/","url":"https:\/\/campinglolivier.com\/wp-content\/uploads\/2023\/05\/cropped-camping-lolivier-logo.webp","contentUrl":"https:\/\/campinglolivier.com\/wp-content\/uploads\/2023\/05\/cropped-camping-lolivier-logo.webp","width":168,"height":168,"caption":"Camping l&#039;Olivier"},"image":{"@id":"https:\/\/campinglolivier.com\/#\/schema\/logo\/image\/"}}]}},"_links":{"self":[{"href":"https:\/\/campinglolivier.com\/en\/wp-json\/wp\/v2\/pages\/1325","targetHints":{"allow":["GET"]}}],"collection":[{"href":"https:\/\/campinglolivier.com\/en\/wp-json\/wp\/v2\/pages"}],"about":[{"href":"https:\/\/campinglolivier.com\/en\/wp-json\/wp\/v2\/types\/page"}],"author":[{"embeddable":true,"href":"https:\/\/campinglolivier.com\/en\/wp-json\/wp\/v2\/users\/1"}],"replies":[{"embeddable":true,"href":"https:\/\/campinglolivier.com\/en\/wp-json\/wp\/v2\/comments?post=1325"}],"version-history":[{"count":3,"href":"https:\/\/campinglolivier.com\/en\/wp-json\/wp\/v2\/pages\/1325\/revisions"}],"predecessor-version":[{"id":1471,"href":"https:\/\/campinglolivier.com\/en\/wp-json\/wp\/v2\/pages\/1325\/revisions\/1471"}],"wp:featuredmedia":[{"embeddable":true,"href":"https:\/\/campinglolivier.com\/en\/wp-json\/wp\/v2\/media\/1098"}],"wp:attachment":[{"href":"https:\/\/campinglolivier.com\/en\/wp-json\/wp\/v2\/media?parent=1325"}],"wp:term":[{"taxonomy":"sujet","embeddable":true,"href":"https:\/\/campinglolivier.com\/en\/wp-json\/wp\/v2\/sujet?post=1325"}],"curies":[{"name":"wp","href":"https:\/\/api.w.org\/{rel}","templated":true}]}}